{"id":1049,"date":"2024-07-02T14:33:52","date_gmt":"2024-07-02T12:33:52","guid":{"rendered":"http:\/\/web5.s149.goserver.host\/?page_id=1049"},"modified":"2026-03-10T14:11:27","modified_gmt":"2026-03-10T13:11:27","slug":"tischreservierung","status":"publish","type":"page","link":"https:\/\/www.maschseefest.de\/cs\/tischreservierung\/","title":{"rendered":"Rezervace stolu"},"content":{"rendered":"<div data-elementor-type=\"wp-page\" data-elementor-id=\"1049\" class=\"elementor elementor-1049\" data-elementor-post-type=\"page\">\n\t\t\t\t<div class=\"elementor-element elementor-element-1b91a64 e-flex e-con-boxed e-con e-parent\" data-id=\"1b91a64\" data-element_type=\"container\" data-e-type=\"container\" data-settings=\"{&quot;background_background&quot;:&quot;classic&quot;}\">\n\t\t\t\t\t<div class=\"e-con-inner\">\n\t\t\t\t<div class=\"elementor-element elementor-element-ccc917d elementor-widget elementor-widget-heading\" data-id=\"ccc917d\" data-element_type=\"widget\" data-e-type=\"widget\" data-widget_type=\"heading.default\">\n\t\t\t\t<div class=\"elementor-widget-container\">\n\t\t\t\t\t<h3 class=\"elementor-heading-title elementor-size-default\">Dotaz na rezervaci pro<\/h3>\t\t\t\t<\/div>\n\t\t\t\t<\/div>\n\t\t\t\t<div class=\"elementor-element elementor-element-e52f04c jedv-enabled--yes elementor-widget elementor-widget-heading\" data-id=\"e52f04c\" data-element_type=\"widget\" data-e-type=\"widget\" data-widget_type=\"heading.default\">\n\t\t\t\t<div class=\"elementor-widget-container\">\n\t\t\t\t\t<h3 class=\"elementor-heading-title elementor-size-default\"><a href=\"https:\/\/www.maschseefest.de\/cs\/reservierungen\/\">Zde pros\u00edm vyberte spole\u010dnost, u kter\u00e9 chcete prov\u00e9st rezervaci.<\/a><\/h3>\t\t\t\t<\/div>\n\t\t\t\t<\/div>\n\t\t\t\t<div class=\"elementor-element elementor-element-37bea1c elementor-widget-divider--view-line elementor-widget elementor-widget-divider\" data-id=\"37bea1c\" data-element_type=\"widget\" data-e-type=\"widget\" data-widget_type=\"divider.default\">\n\t\t\t\t<div class=\"elementor-widget-container\">\n\t\t\t\t\t\t\t<div class=\"elementor-divider\">\n\t\t\t<span class=\"elementor-divider-separator\">\n\t\t\t\t\t\t<\/span>\n\t\t<\/div>\n\t\t\t\t\t\t<\/div>\n\t\t\t\t<\/div>\n\t\t\t\t\t<\/div>\n\t\t\t\t<\/div>\n\t\t\t\t<\/div>","protected":false},"excerpt":{"rendered":"<p>Dotaz na rezervaci pro Zde pros\u00edm vyberte spole\u010dnost, u kter\u00e9 chcete prov\u00e9st rezervaci.<\/p>","protected":false},"author":1,"featured_media":0,"parent":0,"menu_order":0,"comment_status":"closed","ping_status":"closed","template":"","meta":{"footnotes":""},"class_list":["post-1049","page","type-page","status-publish","hentry"],"_links":{"self":[{"href":"https:\/\/www.maschseefest.de\/cs\/wp-json\/wp\/v2\/pages\/1049","targetHints":{"allow":["GET"]}}],"collection":[{"href":"https:\/\/www.maschseefest.de\/cs\/wp-json\/wp\/v2\/pages"}],"about":[{"href":"https:\/\/www.maschseefest.de\/cs\/wp-json\/wp\/v2\/types\/page"}],"author":[{"embeddable":true,"href":"https:\/\/www.maschseefest.de\/cs\/wp-json\/wp\/v2\/users\/1"}],"replies":[{"embeddable":true,"href":"https:\/\/www.maschseefest.de\/cs\/wp-json\/wp\/v2\/comments?post=1049"}],"version-history":[{"count":166,"href":"https:\/\/www.maschseefest.de\/cs\/wp-json\/wp\/v2\/pages\/1049\/revisions"}],"predecessor-version":[{"id":7608,"href":"https:\/\/www.maschseefest.de\/cs\/wp-json\/wp\/v2\/pages\/1049\/revisions\/7608"}],"wp:attachment":[{"href":"https:\/\/www.maschseefest.de\/cs\/wp-json\/wp\/v2\/media?parent=1049"}],"curies":[{"name":"wp","href":"https:\/\/api.w.org\/{rel}","templated":true}]}}