{"id":3464,"date":"2024-07-11T17:00:33","date_gmt":"2024-07-11T15:00:33","guid":{"rendered":"http:\/\/web5.s149.goserver.host\/an-und-abreise\/taxi-moia-copy\/"},"modified":"2025-08-01T15:23:11","modified_gmt":"2025-08-01T13:23:11","slug":"auto","status":"publish","type":"page","link":"https:\/\/www.maschseefest.de\/da\/an-und-abreise\/auto\/","title":{"rendered":"Rejser i bil"},"content":{"rendered":"<div data-elementor-type=\"wp-page\" data-elementor-id=\"3464\" class=\"elementor elementor-3464\" data-elementor-post-type=\"page\">\n\t\t\t\t<div class=\"elementor-element elementor-element-2bae53e e-flex e-con-boxed e-con e-parent\" data-id=\"2bae53e\" data-element_type=\"container\" data-e-type=\"container\">\n\t\t\t\t\t<div class=\"e-con-inner\">\n\t\t\t\t<div class=\"elementor-element elementor-element-19e148a elementor-widget elementor-widget-heading\" data-id=\"19e148a\" data-element_type=\"widget\" data-e-type=\"widget\" data-widget_type=\"heading.default\">\n\t\t\t\t<div class=\"elementor-widget-container\">\n\t\t\t\t\t<h3 class=\"elementor-heading-title elementor-size-default\">Lad bilen st\u00e5 parkeret<\/h3>\t\t\t\t<\/div>\n\t\t\t\t<\/div>\n\t\t\t\t<div class=\"elementor-element elementor-element-d7b22c6 elementor-widget elementor-widget-text-editor\" data-id=\"d7b22c6\" data-element_type=\"widget\" data-e-type=\"widget\" data-widget_type=\"text-editor.default\">\n\t\t\t\t<div class=\"elementor-widget-container\">\n\t\t\t\t\t\t\t\t\t<p>Vi frar\u00e5der p\u00e5 det kraftigste at k\u00f8re i bil direkte til Maschsee, da erfaringen har vist, at parkeringssituationen ved Maschsee og i S\u00fcdstadt er meget kritisk under festivalen. Det er derfor bedst at lade bilen blive hjemme og tage offentlig transport!<\/p><p>Arthur-Menge-Ufer (fra Courtyard Hotel), Culemannstra\u00dfe, Rudolf-von-Bennigsen-Ufer (op til Altenbekener Damm) og Willy-Brandt-Allee vil v\u00e6re lukket om fredagen og l\u00f8rdagen fra omkring kl. 18. For at minimere generne for beboerne i den vestlige del af S\u00fcdstadt p\u00e5 eventdagene vil omr\u00e5det mellem Maschsee og Hildesheimer Stra\u00dfe v\u00e6re midlertidigt lukket for ikke-beboere. Lukningen g\u00e6lder onsdage og torsdage fra kl. 17.00 til 20.00, fredage fra kl. 17.00 til 22.00 og l\u00f8rdage fra kl. 17.00 til 22.30.<\/p>\t\t\t\t\t\t\t\t<\/div>\n\t\t\t\t<\/div>\n\t\t\t\t<div class=\"elementor-element elementor-element-0a4e2f5 elementor-widget-divider--view-line elementor-widget elementor-widget-divider\" data-id=\"0a4e2f5\" data-element_type=\"widget\" data-e-type=\"widget\" data-widget_type=\"divider.default\">\n\t\t\t\t<div class=\"elementor-widget-container\">\n\t\t\t\t\t\t\t<div class=\"elementor-divider\">\n\t\t\t<span class=\"elementor-divider-separator\">\n\t\t\t\t\t\t<\/span>\n\t\t<\/div>\n\t\t\t\t\t\t<\/div>\n\t\t\t\t<\/div>\n\t\t\t\t<div class=\"elementor-element elementor-element-e1b4dac elementor-widget elementor-widget-image\" data-id=\"e1b4dac\" data-element_type=\"widget\" data-e-type=\"widget\" data-widget_type=\"image.default\">\n\t\t\t\t<div class=\"elementor-widget-container\">\n\t\t\t\t\t\t\t\t\t\t\t\t\t\t\t<img fetchpriority=\"high\" decoding=\"async\" width=\"800\" height=\"494\" src=\"https:\/\/www.maschseefest.de\/wp-content\/uploads\/2024\/07\/Schuetzenplatz-1024x632.jpg\" class=\"attachment-large size-large wp-image-3084\" alt=\"\" srcset=\"https:\/\/www.maschseefest.de\/wp-content\/uploads\/2024\/07\/Schuetzenplatz-1024x632.jpg 1024w, https:\/\/www.maschseefest.de\/wp-content\/uploads\/2024\/07\/Schuetzenplatz-300x185.jpg 300w, https:\/\/www.maschseefest.de\/wp-content\/uploads\/2024\/07\/Schuetzenplatz-768x474.jpg 768w, https:\/\/www.maschseefest.de\/wp-content\/uploads\/2024\/07\/Schuetzenplatz-1536x948.jpg 1536w, https:\/\/www.maschseefest.de\/wp-content\/uploads\/2024\/07\/Schuetzenplatz-2048x1264.jpg 2048w\" sizes=\"(max-width: 800px) 100vw, 800px\" \/>\t\t\t\t\t\t\t\t\t\t\t\t\t\t\t<\/div>\n\t\t\t\t<\/div>\n\t\t\t\t<div class=\"elementor-element elementor-element-48385de elementor-widget elementor-widget-heading\" data-id=\"48385de\" data-element_type=\"widget\" data-e-type=\"widget\" data-widget_type=\"heading.default\">\n\t\t\t\t<div class=\"elementor-widget-container\">\n\t\t\t\t\t<h3 class=\"elementor-heading-title elementor-size-default\">Rejser i bil: Park\u00e9r og Rejs-muligheder i det st\u00f8rre Hannover-omr\u00e5de.<\/h3>\t\t\t\t<\/div>\n\t\t\t\t<\/div>\n\t\t\t\t<div class=\"elementor-element elementor-element-86fd9b2 elementor-widget elementor-widget-heading\" data-id=\"86fd9b2\" data-element_type=\"widget\" data-e-type=\"widget\" data-widget_type=\"heading.default\">\n\t\t\t\t<div class=\"elementor-widget-container\">\n\t\t\t\t\t<h3 class=\"elementor-heading-title elementor-size-default\">Park\u00e9r og Rejs<\/h3>\t\t\t\t<\/div>\n\t\t\t\t<\/div>\n\t\t\t\t<div class=\"elementor-element elementor-element-1051021 elementor-widget elementor-widget-text-editor\" data-id=\"1051021\" data-element_type=\"widget\" data-e-type=\"widget\" data-widget_type=\"text-editor.default\">\n\t\t\t\t<div class=\"elementor-widget-container\">\n\t\t\t\t\t\t\t\t\t<p>Hvis du stadig vil k\u00f8re i bil, er det bedst at parkere udenfor og forts\u00e6tte din rejse med offentlig transport. Der er ingen s\u00e6rlig Park and Ride-service til Maschsee Festival, men der er flere Park + Ride-anl\u00e6g i Hannover og omegn.<\/p><p>Der er i \u00f8jeblikket ca. 6.100 P+R-bilparkeringspladser i omr\u00e5det omkring Hannovers trafikselskab (GVH). Alle Park+Ride-anl\u00e6g kan bruges gratis og er \u00e5bne d\u00f8gnet rundt. Park\u00e9r og Rejs anl\u00e6ggene er placeret i umiddelbar n\u00e6rhed af stoppesteder og skiftesteder, hvilket g\u00f8r det lettere at skifte fra privatbil til lokal jernbanetransport.<\/p><p><strong>\u00a0<\/strong><\/p><h3><strong>Parkering p\u00e5 Sch\u00fctzenplatz<\/strong><\/h3><p>Og for dem, der \u00f8nsker at k\u00f8re ind til byen i bil, er <strong>Skydebane i Hannover<\/strong> (derfra er der 5 minutters gang til Maschsee, f\u00f8lg parkeringspladsens vejledningssystem). Der er et begr\u00e6nset antal parkeringspladser her.<\/p><p><strong>OBS: P\u00e5 grund af byggearbejde i Waterloostra\u00dfe kan parkeringshuset Sch\u00fctzenplatz Hannover n\u00e5s via Victoria-Luise-Weg\/Herrenh\u00e4user Tor og via Robert-Enke-Stra\u00dfe\/Schausteller-Tor. Gilde-porten p\u00e5 Bruchmeisterallee vil v\u00e6re lukket.<\/strong><\/p><p>Skydebane i Hannover<br \/>Parkeringsafgift: 5 Euro<\/p>\t\t\t\t\t\t\t\t<\/div>\n\t\t\t\t<\/div>\n\t\t<div class=\"elementor-element elementor-element-964e25c e-con-full e-flex e-con e-child\" data-id=\"964e25c\" data-element_type=\"container\" data-e-type=\"container\" data-settings=\"{&quot;background_background&quot;:&quot;classic&quot;}\">\n\t\t\t\t<div class=\"elementor-element elementor-element-3067e42 elementor-widget-mobile__width-inherit elementor-widget elementor-widget-image\" data-id=\"3067e42\" data-element_type=\"widget\" data-e-type=\"widget\" data-widget_type=\"image.default\">\n\t\t\t\t<div class=\"elementor-widget-container\">\n\t\t\t\t\t\t\t\t\t\t\t\t\t\t\t<img decoding=\"async\" width=\"180\" height=\"180\" src=\"https:\/\/www.maschseefest.de\/wp-content\/uploads\/2024\/07\/unnamed.jpg\" class=\"attachment-large size-large wp-image-3473\" alt=\"\" srcset=\"https:\/\/www.maschseefest.de\/wp-content\/uploads\/2024\/07\/unnamed.jpg 180w, https:\/\/www.maschseefest.de\/wp-content\/uploads\/2024\/07\/unnamed-150x150.jpg 150w\" sizes=\"(max-width: 180px) 100vw, 180px\" \/>\t\t\t\t\t\t\t\t\t\t\t\t\t\t\t<\/div>\n\t\t\t\t<\/div>\n\t\t\t\t<div class=\"elementor-element elementor-element-a04d01e elementor-widget elementor-widget-heading\" data-id=\"a04d01e\" data-element_type=\"widget\" data-e-type=\"widget\" data-widget_type=\"heading.default\">\n\t\t\t\t<div class=\"elementor-widget-container\">\n\t\t\t\t\t<h3 class=\"elementor-heading-title elementor-size-default\"><a href=\"https:\/\/www.uestra.de\/service\/mobilitaetsangebote\/park-ride-\/-bike-ride\/\" target=\"_blank\" rel=\"noopener\">Park\u00e9r og Rejs i Hannover<\/a><\/h3>\t\t\t\t<\/div>\n\t\t\t\t<\/div>\n\t\t\t\t<div class=\"elementor-element elementor-element-808eda9 elementor-view-default elementor-widget elementor-widget-icon\" data-id=\"808eda9\" data-element_type=\"widget\" data-e-type=\"widget\" data-widget_type=\"icon.default\">\n\t\t\t\t<div class=\"elementor-widget-container\">\n\t\t\t\t\t\t\t<div class=\"elementor-icon-wrapper\">\n\t\t\t<a class=\"elementor-icon\" href=\"https:\/\/www.uestra.de\/service\/mobilitaetsangebote\/park-ride-\/-bike-ride\/\" target=\"_blank\" rel=\"noopener\">\n\t\t\t<svg aria-hidden=\"true\" class=\"e-font-icon-svg e-fas-chevron-right\" viewbox=\"0 0 320 512\" xmlns=\"http:\/\/www.w3.org\/2000\/svg\"><path d=\"M285.476 272.971L91.132 467.314c-9.373 9.373-24.569 9.373-33.941 0l-22.667-22.667c-9.357-9.357-9.375-24.522-.04-33.901L188.505 256 34.484 101.255c-9.335-9.379-9.317-24.544.04-33.901l22.667-22.667c9.373-9.373 24.569-9.373 33.941 0L285.475 239.03c9.373 9.372 9.373 24.568.001 33.941z\"><\/path><\/svg>\t\t\t<\/a>\n\t\t<\/div>\n\t\t\t\t\t\t<\/div>\n\t\t\t\t<\/div>\n\t\t\t\t<\/div>\n\t\t\t\t\t<\/div>\n\t\t\t\t<\/div>\n\t\t<div class=\"elementor-element elementor-element-3836ea7 e-con-full e-flex e-con e-parent\" data-id=\"3836ea7\" data-element_type=\"container\" data-e-type=\"container\">\n\t\t<div class=\"elementor-element elementor-element-7f08b9a e-con-full e-flex e-con e-child\" data-id=\"7f08b9a\" data-element_type=\"container\" data-e-type=\"container\" data-settings=\"{&quot;background_background&quot;:&quot;classic&quot;}\">\n\t\t\t\t<div class=\"elementor-element elementor-element-0a1a2af elementor-widget elementor-widget-heading\" data-id=\"0a1a2af\" data-element_type=\"widget\" data-e-type=\"widget\" data-widget_type=\"heading.default\">\n\t\t\t\t<div class=\"elementor-widget-container\">\n\t\t\t\t\t<h2 class=\"elementor-heading-title elementor-size-default\">NUNAV - Gratis satellitnavigationsapp<\/h2>\t\t\t\t<\/div>\n\t\t\t\t<\/div>\n\t\t\t\t<div class=\"elementor-element elementor-element-9a3ee33 elementor-widget elementor-widget-text-editor\" data-id=\"9a3ee33\" data-element_type=\"widget\" data-e-type=\"widget\" data-widget_type=\"text-editor.default\">\n\t\t\t\t<div class=\"elementor-widget-container\">\n\t\t\t\t\t\t\t\t\t<p>Stressfri adgang til en gratis parkeringsplads: HVG samarbejder med den gratis navigationsapp NUNAV for at hj\u00e6lpe dig med at komme dertil i bil. Hvis du indtaster destinationen \"Maschseefest\" i NUNAV i stedet for en adresse, vil du blive guidet direkte til en gratis parkeringsplads for at undg\u00e5 trafikpropper.\u00a0<\/p>\t\t\t\t\t\t\t\t<\/div>\n\t\t\t\t<\/div>\n\t\t\t\t<div class=\"elementor-element elementor-element-f1c58af elementor-widget elementor-widget-jet-listing-dynamic-link\" data-id=\"f1c58af\" data-element_type=\"widget\" data-e-type=\"widget\" data-widget_type=\"jet-listing-dynamic-link.default\">\n\t\t\t\t<div class=\"elementor-widget-container\">\n\t\t\t\t\t<a href=\"\/da\/an-und-abreise\/nunav\/\" class=\"jet-listing-dynamic-link__link\"><div class=\"jet-listing-dynamic-link__icon is-svg-icon\"><svg class=\"e-font-icon-svg e-fas-chevron-right\" aria-hidden=\"true\" viewbox=\"0 0 320 512\" xmlns=\"http:\/\/www.w3.org\/2000\/svg\"><path d=\"M285.476 272.971L91.132 467.314c-9.373 9.373-24.569 9.373-33.941 0l-22.667-22.667c-9.357-9.357-9.375-24.522-.04-33.901L188.505 256 34.484 101.255c-9.335-9.379-9.317-24.544.04-33.901l22.667-22.667c9.373-9.373 24.569-9.373 33.941 0L285.475 239.03c9.373 9.372 9.373 24.568.001 33.941z\"><\/path><\/svg><\/div><span class=\"jet-listing-dynamic-link__label\">Mere info<\/span><\/a>\t\t\t\t<\/div>\n\t\t\t\t<\/div>\n\t\t\t\t<\/div>\n\t\t<div class=\"elementor-element elementor-element-0b7f958 e-con-full e-flex e-con e-child\" data-id=\"0b7f958\" data-element_type=\"container\" data-e-type=\"container\" data-settings=\"{&quot;background_background&quot;:&quot;classic&quot;}\" data-isc-images=\"1738\">\n\t\t\t\t<\/div>\n\t\t\t\t<\/div>\n\t\t\t\t<\/div>","protected":false},"excerpt":{"rendered":"<p>Auto stehen lassen Von einer Anfahrt mit dem Auto bis direkt an den Maschsee wird dringend abgeraten, da die Parkplatzsituation am Maschsee und in der S\u00fcdstadt w\u00e4hrend des Festes erfahrungsgem\u00e4\u00df sehr kritisch ist. Lasst euer Auto also am besten zu Hause stehen und reist mit den \u00f6ffentlichen Verkehrsmitteln an! Das Arthur-Menge-Ufer (ab Courtyard-Hotel), die Culemannstra\u00dfe, [&hellip;]<\/p>\n","protected":false},"author":4,"featured_media":3080,"parent":1126,"menu_order":0,"comment_status":"closed","ping_status":"closed","template":"","meta":{"footnotes":""},"class_list":["post-3464","page","type-page","status-publish","has-post-thumbnail","hentry"],"_links":{"self":[{"href":"https:\/\/www.maschseefest.de\/da\/wp-json\/wp\/v2\/pages\/3464","targetHints":{"allow":["GET"]}}],"collection":[{"href":"https:\/\/www.maschseefest.de\/da\/wp-json\/wp\/v2\/pages"}],"about":[{"href":"https:\/\/www.maschseefest.de\/da\/wp-json\/wp\/v2\/types\/page"}],"author":[{"embeddable":true,"href":"https:\/\/www.maschseefest.de\/da\/wp-json\/wp\/v2\/users\/4"}],"replies":[{"embeddable":true,"href":"https:\/\/www.maschseefest.de\/da\/wp-json\/wp\/v2\/comments?post=3464"}],"version-history":[{"count":28,"href":"https:\/\/www.maschseefest.de\/da\/wp-json\/wp\/v2\/pages\/3464\/revisions"}],"predecessor-version":[{"id":7397,"href":"https:\/\/www.maschseefest.de\/da\/wp-json\/wp\/v2\/pages\/3464\/revisions\/7397"}],"up":[{"embeddable":true,"href":"https:\/\/www.maschseefest.de\/da\/wp-json\/wp\/v2\/pages\/1126"}],"wp:featuredmedia":[{"embeddable":true,"href":"https:\/\/www.maschseefest.de\/da\/wp-json\/wp\/v2\/media\/3080"}],"wp:attachment":[{"href":"https:\/\/www.maschseefest.de\/da\/wp-json\/wp\/v2\/media?parent=3464"}],"curies":[{"name":"wp","href":"https:\/\/api.w.org\/{rel}","templated":true}]}}