{"id":3612,"date":"2024-07-12T13:14:44","date_gmt":"2024-07-12T11:14:44","guid":{"rendered":"http:\/\/web5.s149.goserver.host\/kontakt-copy\/"},"modified":"2025-04-15T12:40:54","modified_gmt":"2025-04-15T10:40:54","slug":"impressum","status":"publish","type":"page","link":"https:\/\/www.maschseefest.de\/da\/impressum\/","title":{"rendered":"P\u00e5tryk"},"content":{"rendered":"<div data-elementor-type=\"wp-page\" data-elementor-id=\"3612\" class=\"elementor elementor-3612\" data-elementor-post-type=\"page\">\n\t\t\t\t<div class=\"elementor-element elementor-element-094773a e-flex e-con-boxed e-con e-parent\" data-id=\"094773a\" data-element_type=\"container\" data-e-type=\"container\" data-settings=\"{&quot;background_background&quot;:&quot;classic&quot;}\">\n\t\t\t\t\t<div class=\"e-con-inner\">\n\t\t\t\t<div class=\"elementor-element elementor-element-66b8889 elementor-widget elementor-widget-text-editor\" data-id=\"66b8889\" data-element_type=\"widget\" data-e-type=\"widget\" data-widget_type=\"text-editor.default\">\n\t\t\t\t<div class=\"elementor-widget-container\">\n\t\t\t\t\t\t\t\t\t<div class=\"fl-col-group fl-node-5c5add02ac5c5\" data-node=\"5c5add02ac5c5\"><div class=\"fl-col fl-node-5c5add02ac5c6\" data-node=\"5c5add02ac5c6\"><div class=\"fl-col-content fl-node-content\"><div class=\"fl-module fl-module-rich-text fl-node-5c5add02ac5bc\" data-node=\"5c5add02ac5bc\"><div class=\"fl-module-content fl-node-content\"><div class=\"fl-rich-text\"><h3>Oplysninger i henhold til \u00a7 5 DDG<\/h3><\/div><\/div><\/div><\/div><\/div><\/div><p>Hannover Veranstaltungs GmbH<br \/>Administrerende direkt\u00f8r: Andr\u00e9 Lawiszus<br \/>Vahrenwalder Street 7<br \/>30165 Hanover<br \/>e-mail: <a href=\"mailto:maschseefest@hvg-events.de\">maschseefest@hvg-events.de<\/a><\/p><p class=\"emark\"><strong>Kontakt:<\/strong><br \/>Projektledelse Maschseefest: Naomi Peter<\/p><p>e-mail: <a href=\"mailto:maschseefest@hvg-events.de\">maschseefest@hvg-events.de<\/a><\/p><p>Handelsregister: Sektion B nr. 206826<br \/>Registerdomstol: Hannover<\/p><p><strong>Salgsafgifts-ID<\/strong><br \/>Momsidentifikationsnummer i henhold til \u00a7 27 a i momsloven:<br \/>DE276134356<\/p><p><strong>EU-tvistbil\u00e6ggelse<br \/><\/strong>Europa-Kommissionen stiller en platform til r\u00e5dighed for onlinetvistbil\u00e6ggelse (OS):\u00a0<a href=\"https:\/\/ec.europa.eu\/consumers\/odr\" target=\"_blank\" rel=\"noopener noreferrer\">https:\/\/ec.europa.eu\/consumers\/odr<\/a>.<br \/>Du kan finde vores e-mailadresse i den juridiske meddelelse ovenfor.<\/p><p><strong>Ansvar for indhold<br \/><\/strong>Som tjenesteudbyder er vi ansvarlige for vores eget indhold p\u00e5 disse sider i overensstemmelse med \u00a7 7, stk. 1, i DDG og den generelle lovgivning. I henhold til \u00a7\u00a7 8 til 10 DDG er vi som tjenesteudbyder dog ikke forpligtet til at overv\u00e5ge transmitterede eller lagrede oplysninger fra tredjepart eller til at unders\u00f8ge omst\u00e6ndigheder, der tyder p\u00e5 ulovlig aktivitet.<\/p><p>Forpligtelser til at fjerne eller blokere brugen af oplysninger i overensstemmelse med generel lovgivning forbliver up\u00e5virket af dette. Ansvar i denne henseende er dog kun muligt fra det tidspunkt, hvor vi bliver opm\u00e6rksomme p\u00e5 en specifik overtr\u00e6delse. S\u00e5 snart vi bliver opm\u00e6rksomme p\u00e5 s\u00e5danne overtr\u00e6delser, vil vi straks fjerne dette indhold.<\/p><p><strong>Ansvar for links<br \/><\/strong>Vores hjemmeside indeholder links til eksterne tredjepartswebsteder, hvis indhold vi ikke har nogen indflydelse p\u00e5. Derfor kan vi ikke p\u00e5tage os noget ansvar for dette tredjepartsindhold. Den respektive udbyder eller operat\u00f8r af siderne er altid ansvarlig for indholdet af de linkede sider. De linkede sider blev kontrolleret for mulige lovovertr\u00e6delser p\u00e5 tidspunktet for linket. Ulovligt indhold kunne ikke genkendes p\u00e5 tidspunktet for sammenk\u00e6dningen.<\/p><p>En permanent overv\u00e5gning af indholdet p\u00e5 de linkede sider er dog ikke rimelig uden konkrete beviser for en overtr\u00e6delse. Hvis vi bliver opm\u00e6rksomme p\u00e5 lovovertr\u00e6delser, vil vi straks fjerne s\u00e5danne links.<\/p><p><strong>Ophavsret<br \/><\/strong>Indholdet og v\u00e6rkerne, der er skabt af webstedsoperat\u00f8rerne p\u00e5 disse sider, er underlagt tysk lov om ophavsret. Kopiering, bearbejdning, distribution og enhver form for anvendelse uden for gr\u00e6nserne af ophavsretsloven kr\u00e6ver skriftligt samtykke fra den respektive forfatter eller skaber. Downloads og kopier af dette websted er kun tilladt til privat, ikke-kommerciel brug.<\/p><p>For s\u00e5 vidt som indholdet p\u00e5 dette websted ikke er oprettet af operat\u00f8ren, respekteres tredjeparts ophavsret. Is\u00e6r er tredjepartsindhold m\u00e6rket som s\u00e5dan. Hvis du alligevel bliver opm\u00e6rksom p\u00e5 en kr\u00e6nkelse af ophavsretten, bedes du informere os herom. Hvis vi bliver opm\u00e6rksomme p\u00e5 overtr\u00e6delser, vil vi straks fjerne s\u00e5dant indhold.<\/p><p>De oplysninger, som Hannover Veranstaltungs GmbH stiller til r\u00e5dighed p\u00e5 sin hjemmeside, er genstand for konstant overv\u00e5gning og opdateres l\u00f8bende. Ikke desto mindre er det muligt, at data kan have \u00e6ndret sig i mellemtiden p\u00e5 trods af omhyggelig kontrol. Hannover Veranstaltungs GmbH p\u00e5tager sig derfor intet ansvar eller nogen garanti for rigtigheden, fuldst\u00e6ndigheden og aktualiteten af de oplysninger, der stilles til r\u00e5dighed p\u00e5 disse sider. Dette g\u00e6lder ogs\u00e5 for alle hjemmesider, hvortil der findes hyperlinks p\u00e5 denne hjemmeside. Hannover Veranstaltungs GmbH er ikke ansvarlig for indholdet p\u00e5 disse sider.<\/p>\t\t\t\t\t\t\t\t<\/div>\n\t\t\t\t<\/div>\n\t\t\t\t\t<\/div>\n\t\t\t\t<\/div>\n\t\t\t\t<\/div>","protected":false},"excerpt":{"rendered":"<p>Angaben gem\u00e4\u00df \u00a7 5 DDG Hannover Veranstaltungs GmbHGesch\u00e4ftsf\u00fchrer: Andr\u00e9 LawiszusVahrenwalder Stra\u00dfe 730165 HannoverE-Mail: maschseefest@hvg-events.de Kontakt:Projektleitung Maschseefest: Naomi Peter E-Mail: maschseefest@hvg-events.de Handelsregister: Abt. B Nr. 206826Registergericht: Hannover Umsatzsteuer-IDUmsatzsteuer-Identifikationsnummer gem\u00e4\u00df \u00a7 27 a Umsatzsteuergesetz:DE276134356 EU-StreitschlichtungDie Europ\u00e4ische Kommission stellt eine Plattform zur Online-Streitbeilegung (OS) bereit:\u00a0https:\/\/ec.europa.eu\/consumers\/odr.Unsere E-Mail-Adresse finden Sie oben im Impressum. Haftung f\u00fcr InhalteAls Diensteanbieter sind wir gem\u00e4\u00df [&hellip;]<\/p>\n","protected":false},"author":4,"featured_media":2804,"parent":0,"menu_order":0,"comment_status":"closed","ping_status":"closed","template":"","meta":{"footnotes":""},"class_list":["post-3612","page","type-page","status-publish","has-post-thumbnail","hentry"],"_links":{"self":[{"href":"https:\/\/www.maschseefest.de\/da\/wp-json\/wp\/v2\/pages\/3612","targetHints":{"allow":["GET"]}}],"collection":[{"href":"https:\/\/www.maschseefest.de\/da\/wp-json\/wp\/v2\/pages"}],"about":[{"href":"https:\/\/www.maschseefest.de\/da\/wp-json\/wp\/v2\/types\/page"}],"author":[{"embeddable":true,"href":"https:\/\/www.maschseefest.de\/da\/wp-json\/wp\/v2\/users\/4"}],"replies":[{"embeddable":true,"href":"https:\/\/www.maschseefest.de\/da\/wp-json\/wp\/v2\/comments?post=3612"}],"version-history":[{"count":23,"href":"https:\/\/www.maschseefest.de\/da\/wp-json\/wp\/v2\/pages\/3612\/revisions"}],"predecessor-version":[{"id":7495,"href":"https:\/\/www.maschseefest.de\/da\/wp-json\/wp\/v2\/pages\/3612\/revisions\/7495"}],"wp:featuredmedia":[{"embeddable":true,"href":"https:\/\/www.maschseefest.de\/da\/wp-json\/wp\/v2\/media\/2804"}],"wp:attachment":[{"href":"https:\/\/www.maschseefest.de\/da\/wp-json\/wp\/v2\/media?parent=3612"}],"curies":[{"name":"wp","href":"https:\/\/api.w.org\/{rel}","templated":true}]}}