{"id":3431,"date":"2024-07-11T16:13:31","date_gmt":"2024-07-11T14:13:31","guid":{"rendered":"http:\/\/web5.s149.goserver.host\/an-und-abreise\/maschseeflotte-copy\/"},"modified":"2025-07-03T10:53:46","modified_gmt":"2025-07-03T08:53:46","slug":"maschseepiraten","status":"publish","type":"page","link":"https:\/\/www.maschseefest.de\/nl\/kinderprogramm\/maschseepiraten\/","title":{"rendered":"Maschsee piraten"},"content":{"rendered":"<div data-elementor-type=\"wp-page\" data-elementor-id=\"3431\" class=\"elementor elementor-3431\" data-elementor-post-type=\"page\">\n\t\t\t\t<div class=\"elementor-element elementor-element-bd39ff6 e-flex e-con-boxed e-con e-parent\" data-id=\"bd39ff6\" data-element_type=\"container\" data-e-type=\"container\">\n\t\t\t\t\t<div class=\"e-con-inner\">\n\t\t\t\t<div class=\"elementor-element elementor-element-ed73c58 elementor-widget elementor-widget-spacer\" data-id=\"ed73c58\" data-element_type=\"widget\" data-e-type=\"widget\" data-widget_type=\"spacer.default\">\n\t\t\t\t<div class=\"elementor-widget-container\">\n\t\t\t\t\t\t\t<div class=\"elementor-spacer\">\n\t\t\t<div class=\"elementor-spacer-inner\"><\/div>\n\t\t<\/div>\n\t\t\t\t\t\t<\/div>\n\t\t\t\t<\/div>\n\t\t\t\t<div class=\"elementor-element elementor-element-f1a37b7 elementor-widget elementor-widget-heading\" data-id=\"f1a37b7\" data-element_type=\"widget\" data-e-type=\"widget\" data-widget_type=\"heading.default\">\n\t\t\t\t<div class=\"elementor-widget-container\">\n\t\t\t\t\t<h3 class=\"elementor-heading-title elementor-size-default\">De populaire piraten zijn terug op de Maschsee op donderdag en dinsdag<\/h3>\t\t\t\t<\/div>\n\t\t\t\t<\/div>\n\t\t\t\t<div class=\"elementor-element elementor-element-67c8763 elementor-widget elementor-widget-heading\" data-id=\"67c8763\" data-element_type=\"widget\" data-e-type=\"widget\" data-widget_type=\"heading.default\">\n\t\t\t\t<div class=\"elementor-widget-container\">\n\t\t\t\t\t<h3 class=\"elementor-heading-title elementor-size-default\">Schip ahoy<\/h3>\t\t\t\t<\/div>\n\t\t\t\t<\/div>\n\t\t\t\t<div class=\"elementor-element elementor-element-58f1acf elementor-widget elementor-widget-text-editor\" data-id=\"58f1acf\" data-element_type=\"widget\" data-e-type=\"widget\" data-widget_type=\"text-editor.default\">\n\t\t\t\t<div class=\"elementor-widget-container\">\n\t\t\t\t\t\t\t\t\t<div class=\"content-content embed-articles editor-content article-full-view-main-text ezrichtext-field\"><p class=\"emark\">Tot slot zijn de populaire piraten terug op de Maschsee op donderdag en dinsdag tijdens het Maschsee Festival.<\/p><p class=\"emark\">Kapitein Zopf (Elisa Salamanca) verheugt zich op nieuwe avonturen met de scheepsjongen Mathjes (Mathias L\u00fcck) en de verstekeling Clown Fidolo (Horst Schneider) en op het verzinnen van allerlei piratenonzin, het kraken van een oceaanraadsel en het spinnen van allerlei zeemansgaren. Samen met papegaai Bounty, de piratenjennies en stuurman Achim van de \u00dcSTRA varen ze uit, zingen ze eigenzinnige piratenliedjes en vinden ze - met een beetje geluk - zelfs de sleutel van de schatkist. Ze hebben altijd een plunjezak vol muziek bij zich.<\/p><p class=\"emark\">Een geweldig muzikaal zeetheaterstuk voor kinderen tussen de 4 en 10 jaar, dat ook erg leuk is voor begeleidende ouders of grootouders!<\/p><p class=\"emark\">Reiskosten: kinderen en volwassenen 7,50 - plus reserveringskosten vooraf<\/p><p class=\"emark\">Tickets zijn alleen online verkrijgbaar. Resterende tickets: op de betreffende dag vanaf 13.30 uur direct bij de aanlegsteiger van het stadion.<\/p><\/div>\t\t\t\t\t\t\t\t<\/div>\n\t\t\t\t<\/div>\n\t\t\t\t<div class=\"elementor-element elementor-element-eb060ae elementor-hidden-desktop elementor-hidden-tablet elementor-hidden-mobile elementor-widget elementor-widget-jet-listing-dynamic-link\" data-id=\"eb060ae\" data-element_type=\"widget\" data-e-type=\"widget\" data-widget_type=\"jet-listing-dynamic-link.default\">\n\t\t\t\t<div class=\"elementor-widget-container\">\n\t\t\t\t\t<a href=\"https:\/\/ticket2go.de\/c\/4052\" class=\"jet-listing-dynamic-link__link\" target=\"_blank\" rel=\"noopener\"><div class=\"jet-listing-dynamic-link__icon is-svg-icon\"><svg class=\"e-font-icon-svg e-fas-chevron-right\" aria-hidden=\"true\" viewbox=\"0 0 320 512\" xmlns=\"http:\/\/www.w3.org\/2000\/svg\"><path d=\"M285.476 272.971L91.132 467.314c-9.373 9.373-24.569 9.373-33.941 0l-22.667-22.667c-9.357-9.357-9.375-24.522-.04-33.901L188.505 256 34.484 101.255c-9.335-9.379-9.317-24.544.04-33.901l22.667-22.667c9.373-9.373 24.569-9.373 33.941 0L285.475 239.03c9.373 9.372 9.373 24.568.001 33.941z\"><\/path><\/svg><\/div><span class=\"jet-listing-dynamic-link__label\">Klik hier voor kaartverkoop<\/span><\/a>\t\t\t\t<\/div>\n\t\t\t\t<\/div>\n\t\t\t\t<div class=\"elementor-element elementor-element-472f5e0 elementor-widget elementor-widget-gallery\" data-id=\"472f5e0\" data-element_type=\"widget\" data-e-type=\"widget\" data-settings=\"{&quot;columns&quot;:2,&quot;lazyload&quot;:&quot;yes&quot;,&quot;gallery_layout&quot;:&quot;grid&quot;,&quot;columns_tablet&quot;:2,&quot;columns_mobile&quot;:1,&quot;gap&quot;:{&quot;unit&quot;:&quot;px&quot;,&quot;size&quot;:10,&quot;sizes&quot;:[]},&quot;gap_tablet&quot;:{&quot;unit&quot;:&quot;px&quot;,&quot;size&quot;:10,&quot;sizes&quot;:[]},&quot;gap_mobile&quot;:{&quot;unit&quot;:&quot;px&quot;,&quot;size&quot;:10,&quot;sizes&quot;:[]},&quot;link_to&quot;:&quot;file&quot;,&quot;aspect_ratio&quot;:&quot;3:2&quot;,&quot;overlay_background&quot;:&quot;yes&quot;,&quot;content_hover_animation&quot;:&quot;fade-in&quot;}\" data-widget_type=\"gallery.default\">\n\t\t\t\t<div class=\"elementor-widget-container\">\n\t\t\t\t\t\t\t<div class=\"elementor-gallery__container\">\n\t\t\t\t\t\t\t<a class=\"e-gallery-item elementor-gallery-item elementor-animated-content\" href=\"https:\/\/www.maschseefest.de\/wp-content\/uploads\/2024\/07\/1-Maschseepiraten.jpg\" data-elementor-open-lightbox=\"yes\" data-elementor-lightbox-slideshow=\"472f5e0\" data-elementor-lightbox-title=\"Maschseepiraten\" data-e-action-hash=\"#elementor-action%3Aaction%3Dlightbox%26settings%3DeyJpZCI6MzQ0MSwidXJsIjoiaHR0cHM6XC9cL3d3dy5tYXNjaHNlZWZlc3QuZGVcL3dwLWNvbnRlbnRcL3VwbG9hZHNcLzIwMjRcLzA3XC8xLU1hc2Noc2VlcGlyYXRlbi5qcGciLCJzbGlkZXNob3ciOiI0NzJmNWUwIn0%3D\">\n\t\t\t\t\t<div class=\"e-gallery-image elementor-gallery-item__image\" data-thumbnail=\"https:\/\/www.maschseefest.de\/wp-content\/uploads\/2024\/07\/1-Maschseepiraten.jpg\" data-width=\"1799\" data-height=\"899\" aria-label=\"Maschsee piraten\" role=\"img\" ><\/div>\n\t\t\t\t\t\t\t\t\t\t\t<div class=\"elementor-gallery-item__overlay\"><\/div>\n\t\t\t\t\t\t\t\t\t\t\t\t\t\t<\/a>\n\t\t\t\t\t\t\t<a class=\"e-gallery-item elementor-gallery-item elementor-animated-content\" href=\"https:\/\/www.maschseefest.de\/wp-content\/uploads\/2024\/07\/MaschseepiratencHVG-scaled.jpg\" data-elementor-open-lightbox=\"yes\" data-elementor-lightbox-slideshow=\"472f5e0\" data-elementor-lightbox-title=\"Maschseepiraten\" data-e-action-hash=\"#elementor-action%3Aaction%3Dlightbox%26settings%3DeyJpZCI6MzQ0MiwidXJsIjoiaHR0cHM6XC9cL3d3dy5tYXNjaHNlZWZlc3QuZGVcL3dwLWNvbnRlbnRcL3VwbG9hZHNcLzIwMjRcLzA3XC9NYXNjaHNlZXBpcmF0ZW5jSFZHLXNjYWxlZC5qcGciLCJzbGlkZXNob3ciOiI0NzJmNWUwIn0%3D\">\n\t\t\t\t\t<div class=\"e-gallery-image elementor-gallery-item__image\" data-thumbnail=\"https:\/\/www.maschseefest.de\/wp-content\/uploads\/2024\/07\/MaschseepiratencHVG-2048x1365.jpg\" data-width=\"2048\" data-height=\"1365\" aria-label=\"Maschsee piraten\" role=\"img\" ><\/div>\n\t\t\t\t\t\t\t\t\t\t\t<div class=\"elementor-gallery-item__overlay\"><\/div>\n\t\t\t\t\t\t\t\t\t\t\t\t\t\t<\/a>\n\t\t\t\t\t\t\t<a class=\"e-gallery-item elementor-gallery-item elementor-animated-content\" href=\"https:\/\/www.maschseefest.de\/wp-content\/uploads\/2024\/07\/2-Maschseepiraten-2.jpg\" data-elementor-open-lightbox=\"yes\" data-elementor-lightbox-slideshow=\"472f5e0\" data-elementor-lightbox-title=\"Maschseepiraten\" data-e-action-hash=\"#elementor-action%3Aaction%3Dlightbox%26settings%3DeyJpZCI6MzQ0MywidXJsIjoiaHR0cHM6XC9cL3d3dy5tYXNjaHNlZWZlc3QuZGVcL3dwLWNvbnRlbnRcL3VwbG9hZHNcLzIwMjRcLzA3XC8yLU1hc2Noc2VlcGlyYXRlbi0yLmpwZyIsInNsaWRlc2hvdyI6IjQ3MmY1ZTAifQ%3D%3D\">\n\t\t\t\t\t<div class=\"e-gallery-image elementor-gallery-item__image\" data-thumbnail=\"https:\/\/www.maschseefest.de\/wp-content\/uploads\/2024\/07\/2-Maschseepiraten-2.jpg\" data-width=\"1604\" data-height=\"1200\" aria-label=\"Maschsee piraten\" role=\"img\" ><\/div>\n\t\t\t\t\t\t\t\t\t\t\t<div class=\"elementor-gallery-item__overlay\"><\/div>\n\t\t\t\t\t\t\t\t\t\t\t\t\t\t<\/a>\n\t\t\t\t\t\t\t<a class=\"e-gallery-item elementor-gallery-item elementor-animated-content\" href=\"https:\/\/www.maschseefest.de\/wp-content\/uploads\/2024\/07\/Maschseepiraten-Pano.jpg\" data-elementor-open-lightbox=\"yes\" data-elementor-lightbox-slideshow=\"472f5e0\" data-elementor-lightbox-title=\"Maschseepiraten\" data-e-action-hash=\"#elementor-action%3Aaction%3Dlightbox%26settings%3DeyJpZCI6MzA3MCwidXJsIjoiaHR0cHM6XC9cL3d3dy5tYXNjaHNlZWZlc3QuZGVcL3dwLWNvbnRlbnRcL3VwbG9hZHNcLzIwMjRcLzA3XC9NYXNjaHNlZXBpcmF0ZW4tUGFuby5qcGciLCJzbGlkZXNob3ciOiI0NzJmNWUwIn0%3D\">\n\t\t\t\t\t<div class=\"e-gallery-image elementor-gallery-item__image\" data-thumbnail=\"https:\/\/www.maschseefest.de\/wp-content\/uploads\/2024\/07\/Maschseepiraten-Pano.jpg\" data-width=\"2000\" data-height=\"1000\" aria-label=\"\" role=\"img\" ><\/div>\n\t\t\t\t\t\t\t\t\t\t\t<div class=\"elementor-gallery-item__overlay\"><\/div>\n\t\t\t\t\t\t\t\t\t\t\t\t\t\t<\/a>\n\t\t\t\t\t<\/div>\n\t\t\t\t\t<\/div>\n\t\t\t\t<\/div>\n\t\t\t\t<div class=\"elementor-element elementor-element-b26db97 elementor-widget elementor-widget-spacer\" data-id=\"b26db97\" data-element_type=\"widget\" data-e-type=\"widget\" data-widget_type=\"spacer.default\">\n\t\t\t\t<div class=\"elementor-widget-container\">\n\t\t\t\t\t\t\t<div class=\"elementor-spacer\">\n\t\t\t<div class=\"elementor-spacer-inner\"><\/div>\n\t\t<\/div>\n\t\t\t\t\t\t<\/div>\n\t\t\t\t<\/div>\n\t\t\t\t<div class=\"elementor-element elementor-element-d2cbe92 elementor-widget elementor-widget-text-editor\" data-id=\"d2cbe92\" data-element_type=\"widget\" data-e-type=\"widget\" data-widget_type=\"text-editor.default\">\n\t\t\t\t<div class=\"elementor-widget-container\">\n\t\t\t\t\t\t\t\t\t<div class=\"content-content embed-articles editor-content article-full-view-main-text ezrichtext-field\"><h4 class=\"header-h1 emark standard\">Maschseepiraten vertrek vanaf de \"Stadion\" steiger op de noordoever<\/h4><div class=\"table-responsive\"><table class=\"table table-bordered table-striped\"><tbody><tr><td class=\"emark\"><p class=\"emark\">31.07.<\/p><\/td><td><p class=\"emark\">14.00, 15.00, 16.00<\/p><\/td><\/tr><tr><td><p class=\"emark\">05.08.<\/p><\/td><td><p>14.00, 15.00, 16.00<\/p><\/td><\/tr><tr><td><p class=\"emark\">07.08.<\/p><\/td><td><p>14.00, 15.00, 16.00<\/p><\/td><\/tr><tr><td><p class=\"emark\">12.08.<\/p><\/td><td><p>14.00, 15.00, 16.00<\/p><\/td><\/tr><tr><td><p class=\"emark\">14.08.<\/p><\/td><td><p>14.00, 15.00, 16.00<\/p><\/td><\/tr><\/tbody><\/table><\/div><\/div>\t\t\t\t\t\t\t\t<\/div>\n\t\t\t\t<\/div>\n\t\t\t\t\t<\/div>\n\t\t\t\t<\/div>\n\t\t\t\t<\/div>","protected":false},"excerpt":{"rendered":"<p>Die beliebten Piraten sind wieder donnerstags und dienstags auf dem Maschsee unterwegs Schiff Ahoi Endlich sind die beliebten Piraten w\u00e4hrend des Maschseefests wieder donnerstags und dienstags auf dem Maschsee unterwegs. K\u00e4ptin Zopf (Elisa Salamanca) freut sich mit dem Schiffsjungen Mathjes (Mathias L\u00fcck) und dem blinden Passagier Clown Fidolo (Horst Schneider) auf neue Abenteuer und darauf, [&hellip;]<\/p>\n","protected":false},"author":4,"featured_media":3437,"parent":3565,"menu_order":0,"comment_status":"closed","ping_status":"closed","template":"","meta":{"footnotes":""},"class_list":["post-3431","page","type-page","status-publish","has-post-thumbnail","hentry"],"_links":{"self":[{"href":"https:\/\/www.maschseefest.de\/nl\/wp-json\/wp\/v2\/pages\/3431","targetHints":{"allow":["GET"]}}],"collection":[{"href":"https:\/\/www.maschseefest.de\/nl\/wp-json\/wp\/v2\/pages"}],"about":[{"href":"https:\/\/www.maschseefest.de\/nl\/wp-json\/wp\/v2\/types\/page"}],"author":[{"embeddable":true,"href":"https:\/\/www.maschseefest.de\/nl\/wp-json\/wp\/v2\/users\/4"}],"replies":[{"embeddable":true,"href":"https:\/\/www.maschseefest.de\/nl\/wp-json\/wp\/v2\/comments?post=3431"}],"version-history":[{"count":28,"href":"https:\/\/www.maschseefest.de\/nl\/wp-json\/wp\/v2\/pages\/3431\/revisions"}],"predecessor-version":[{"id":6744,"href":"https:\/\/www.maschseefest.de\/nl\/wp-json\/wp\/v2\/pages\/3431\/revisions\/6744"}],"up":[{"embeddable":true,"href":"https:\/\/www.maschseefest.de\/nl\/wp-json\/wp\/v2\/pages\/3565"}],"wp:featuredmedia":[{"embeddable":true,"href":"https:\/\/www.maschseefest.de\/nl\/wp-json\/wp\/v2\/media\/3437"}],"wp:attachment":[{"href":"https:\/\/www.maschseefest.de\/nl\/wp-json\/wp\/v2\/media?parent=3431"}],"curies":[{"name":"wp","href":"https:\/\/api.w.org\/{rel}","templated":true}]}}