{"id":582,"date":"2024-07-01T13:29:34","date_gmt":"2024-07-01T11:29:34","guid":{"rendered":"http:\/\/web5.s149.goserver.host\/?page_id=582"},"modified":"2025-07-31T12:04:51","modified_gmt":"2025-07-31T10:04:51","slug":"suedufer","status":"publish","type":"page","link":"https:\/\/www.maschseefest.de\/nl\/ufer\/suedufer\/","title":{"rendered":"Zuidoever"},"content":{"rendered":"\t\t<div data-elementor-type=\"wp-page\" data-elementor-id=\"582\" class=\"elementor elementor-582\" data-elementor-post-type=\"page\">\n\t\t\t\t<div class=\"elementor-element elementor-element-1cedff57 e-con-full e-flex e-con e-parent\" data-id=\"1cedff57\" data-element_type=\"container\" data-e-type=\"container\" data-settings=\"{&quot;background_background&quot;:&quot;classic&quot;}\" data-isc-images=\"2804\">\n\t\t<div class=\"elementor-element elementor-element-571d70f2 e-con-full e-flex e-con e-child\" data-id=\"571d70f2\" data-element_type=\"container\" data-e-type=\"container\">\n\t\t\t\t<div class=\"elementor-element elementor-element-6c34fdca elementor-view-default elementor-widget elementor-widget-icon\" data-id=\"6c34fdca\" data-element_type=\"widget\" data-e-type=\"widget\" data-widget_type=\"icon.default\">\n\t\t\t\t<div class=\"elementor-widget-container\">\n\t\t\t\t\t\t\t<div class=\"elementor-icon-wrapper\">\n\t\t\t<div class=\"elementor-icon\">\n\t\t\t<svg xmlns=\"http:\/\/www.w3.org\/2000\/svg\" width=\"55\" height=\"55\" viewBox=\"0 0 55 55\" fill=\"none\"><circle cx=\"27.7334\" cy=\"27.1402\" r=\"26.982\" fill=\"#F7EC59\"><\/circle><path d=\"M32.4756 30.7258C32.4756 32.1191 31.9696 33.2338 30.9576 34.0698C29.9603 34.8911 28.5376 35.3018 26.6896 35.3018C25.0323 35.3018 23.5509 34.9865 22.2456 34.3558V31.2538C22.9936 31.5765 23.7636 31.8771 24.5556 32.1558C25.3623 32.4198 26.1616 32.5518 26.9536 32.5518C27.7749 32.5518 28.3543 32.3978 28.6916 32.0898C29.0436 31.7671 29.2196 31.3638 29.2196 30.8798C29.2196 30.4838 29.0803 30.1465 28.8016 29.8678C28.5376 29.5891 28.1783 29.3325 27.7236 29.0978C27.2689 28.8485 26.7483 28.5845 26.1616 28.3058C25.7949 28.1298 25.3989 27.9245 24.9736 27.6898C24.5483 27.4405 24.1376 27.1398 23.7416 26.7878C23.3603 26.4211 23.0449 25.9811 22.7956 25.4678C22.5463 24.9545 22.4216 24.3385 22.4216 23.6198C22.4216 22.2118 22.8983 21.1191 23.8516 20.3418C24.8049 19.5498 26.1029 19.1538 27.7456 19.1538C28.5669 19.1538 29.3443 19.2491 30.0776 19.4398C30.8109 19.6305 31.5883 19.9018 32.4096 20.2538L31.3316 22.8498C30.6129 22.5565 29.9676 22.3291 29.3956 22.1678C28.8236 22.0065 28.2369 21.9258 27.6356 21.9258C27.0049 21.9258 26.5209 22.0725 26.1836 22.3658C25.8463 22.6591 25.6776 23.0405 25.6776 23.5098C25.6776 24.0671 25.9269 24.5071 26.4256 24.8298C26.9243 25.1525 27.6649 25.5485 28.6476 26.0178C29.4543 26.3991 30.1363 26.7951 30.6936 27.2058C31.2656 27.6165 31.7056 28.1005 32.0136 28.6578C32.3216 29.2151 32.4756 29.9045 32.4756 30.7258Z\" fill=\"#2C2416\"><\/path><\/svg>\t\t\t<\/div>\n\t\t<\/div>\n\t\t\t\t\t\t<\/div>\n\t\t\t\t<\/div>\n\t\t\t\t<div class=\"elementor-element elementor-element-3212cefd elementor-widget elementor-widget-heading\" data-id=\"3212cefd\" data-element_type=\"widget\" data-e-type=\"widget\" data-widget_type=\"heading.default\">\n\t\t\t\t<div class=\"elementor-widget-container\">\n\t\t\t\t\t<p class=\"elementor-heading-title elementor-size-default\">S\u00fcdufer<\/p>\t\t\t\t<\/div>\n\t\t\t\t<\/div>\n\t\t\t\t<\/div>\n\t\t\t\t<\/div>\n\t\t<div class=\"elementor-element elementor-element-6473a79f e-flex e-con-boxed e-con e-parent\" data-id=\"6473a79f\" data-element_type=\"container\" data-e-type=\"container\" data-settings=\"{&quot;background_background&quot;:&quot;classic&quot;}\">\n\t\t\t\t\t<div class=\"e-con-inner\">\n\t\t\t\t<div class=\"elementor-element elementor-element-1d72160d elementor-widget elementor-widget-spacer\" data-id=\"1d72160d\" data-element_type=\"widget\" data-e-type=\"widget\" data-widget_type=\"spacer.default\">\n\t\t\t\t<div class=\"elementor-widget-container\">\n\t\t\t\t\t\t\t<div class=\"elementor-spacer\">\n\t\t\t<div class=\"elementor-spacer-inner\"><\/div>\n\t\t<\/div>\n\t\t\t\t\t\t<\/div>\n\t\t\t\t<\/div>\n\t\t\t\t<div class=\"elementor-element elementor-element-b5ab78e elementor-widget elementor-widget-heading\" data-id=\"b5ab78e\" data-element_type=\"widget\" data-e-type=\"widget\" data-widget_type=\"heading.default\">\n\t\t\t\t<div class=\"elementor-widget-container\">\n\t\t\t\t\t<h3 class=\"elementor-heading-title elementor-size-default\">Streetfood und vielf\u00e4ltiges B\u00fchnenprogramm im S\u00fcden des Maschsees.\n<\/h3>\t\t\t\t<\/div>\n\t\t\t\t<\/div>\n\t\t\t\t<div class=\"elementor-element elementor-element-4c665858 elementor-widget__width-initial elementor-widget elementor-widget-text-editor\" data-id=\"4c665858\" data-element_type=\"widget\" data-e-type=\"widget\" data-widget_type=\"text-editor.default\">\n\t\t\t\t<div class=\"elementor-widget-container\">\n\t\t\t\t\t\t\t\t\t<p>Das S\u00fcdufer lockt mit einem wundervollen Ausblick \u00fcber den Maschsee und bei den verschiedenen Foodtrucks bekommt ihr bestes Streetfood. Hier erwartet euch auch die Maschseequelle mit einem abwechslungsreichen Show-Programm.<\/p>\t\t\t\t\t\t\t\t<\/div>\n\t\t\t\t<\/div>\n\t\t\t\t<div class=\"elementor-element elementor-element-15763a5 elementor-widget elementor-widget-spacer\" data-id=\"15763a5\" data-element_type=\"widget\" data-e-type=\"widget\" data-widget_type=\"spacer.default\">\n\t\t\t\t<div class=\"elementor-widget-container\">\n\t\t\t\t\t\t\t<div class=\"elementor-spacer\">\n\t\t\t<div class=\"elementor-spacer-inner\"><\/div>\n\t\t<\/div>\n\t\t\t\t\t\t<\/div>\n\t\t\t\t<\/div>\n\t\t\t\t\t<\/div>\n\t\t\t\t<\/div>\n\t\t<div class=\"elementor-element elementor-element-66d6f74c e-flex e-con-boxed e-con e-parent\" data-id=\"66d6f74c\" data-element_type=\"container\" data-e-type=\"container\" data-settings=\"{&quot;background_background&quot;:&quot;classic&quot;}\">\n\t\t\t\t\t<div class=\"e-con-inner\">\n\t\t<div class=\"elementor-element elementor-element-29f53ec7 e-con-full e-flex e-con e-child\" data-id=\"29f53ec7\" data-element_type=\"container\" data-e-type=\"container\" data-settings=\"{&quot;background_background&quot;:&quot;classic&quot;}\">\n\t\t\t\t<div class=\"elementor-element elementor-element-18b9763f elementor-widget elementor-widget-image\" data-id=\"18b9763f\" data-element_type=\"widget\" data-e-type=\"widget\" data-widget_type=\"image.default\">\n\t\t\t\t<div class=\"elementor-widget-container\">\n\t\t\t\t\t\t\t\t\t\t\t\t\t\t\t<img fetchpriority=\"high\" decoding=\"async\" width=\"800\" height=\"430\" src=\"https:\/\/www.maschseefest.de\/wp-content\/uploads\/2024\/07\/\u00a9-Kevin-Muenkel-19-1024x551.jpg\" class=\"attachment-large size-large wp-image-2766\" alt=\"Streetfood am See - L\u00f6wenbastion, Maschseefest S\u00fcdufer\" srcset=\"https:\/\/www.maschseefest.de\/wp-content\/uploads\/2024\/07\/\u00a9-Kevin-Muenkel-19-1024x551.jpg 1024w, https:\/\/www.maschseefest.de\/wp-content\/uploads\/2024\/07\/\u00a9-Kevin-Muenkel-19-300x161.jpg 300w, https:\/\/www.maschseefest.de\/wp-content\/uploads\/2024\/07\/\u00a9-Kevin-Muenkel-19-768x413.jpg 768w, https:\/\/www.maschseefest.de\/wp-content\/uploads\/2024\/07\/\u00a9-Kevin-Muenkel-19-1536x826.jpg 1536w, https:\/\/www.maschseefest.de\/wp-content\/uploads\/2024\/07\/\u00a9-Kevin-Muenkel-19.jpg 2048w\" sizes=\"(max-width: 800px) 100vw, 800px\" \/>\t\t\t\t\t\t\t\t\t\t\t\t\t\t\t<\/div>\n\t\t\t\t<\/div>\n\t\t<div class=\"elementor-element elementor-element-602320 e-con-full e-flex e-con e-child\" data-id=\"602320\" data-element_type=\"container\" data-e-type=\"container\">\n\t\t\t\t<div class=\"elementor-element elementor-element-1a9ee866 elementor-widget elementor-widget-heading\" data-id=\"1a9ee866\" data-element_type=\"widget\" data-e-type=\"widget\" data-widget_type=\"heading.default\">\n\t\t\t\t<div class=\"elementor-widget-container\">\n\t\t\t\t\t<p class=\"elementor-heading-title elementor-size-default\">Gastro am S\u00fcdufer<\/p>\t\t\t\t<\/div>\n\t\t\t\t<\/div>\n\t\t\t\t<div class=\"elementor-element elementor-element-63d4f7b1 elementor-widget elementor-widget-text-editor\" data-id=\"63d4f7b1\" data-element_type=\"widget\" data-e-type=\"widget\" data-widget_type=\"text-editor.default\">\n\t\t\t\t<div class=\"elementor-widget-container\">\n\t\t\t\t\t\t\t\t\t<p>Neben entspannten Beachvibes am S\u00fcdufer des Maschsees k\u00f6nnt ihr euch hier auch durch verschiedene Streetfood-Gerichte oder irische Spezialit\u00e4ten kosten. <\/p>\t\t\t\t\t\t\t\t<\/div>\n\t\t\t\t<\/div>\n\t\t\t\t<div class=\"elementor-element elementor-element-a8efa4e elementor-widget elementor-widget-jet-listing-dynamic-link\" data-id=\"a8efa4e\" data-element_type=\"widget\" data-e-type=\"widget\" data-widget_type=\"jet-listing-dynamic-link.default\">\n\t\t\t\t<div class=\"elementor-widget-container\">\n\t\t\t\t\t<a href=\"\/gastronomie\/filter\/type\/cpt_g_ufer:suedufer\" class=\"jet-listing-dynamic-link__link\"><div class=\"jet-listing-dynamic-link__icon is-svg-icon\"><svg class=\"e-font-icon-svg e-fas-chevron-right\" aria-hidden=\"true\" viewBox=\"0 0 320 512\" xmlns=\"http:\/\/www.w3.org\/2000\/svg\"><path d=\"M285.476 272.971L91.132 467.314c-9.373 9.373-24.569 9.373-33.941 0l-22.667-22.667c-9.357-9.357-9.375-24.522-.04-33.901L188.505 256 34.484 101.255c-9.335-9.379-9.317-24.544.04-33.901l22.667-22.667c9.373-9.373 24.569-9.373 33.941 0L285.475 239.03c9.373 9.372 9.373 24.568.001 33.941z\"><\/path><\/svg><\/div><span class=\"jet-listing-dynamic-link__label\">S\u00fcdufer entdecken<\/span><\/a>\t\t\t\t<\/div>\n\t\t\t\t<\/div>\n\t\t\t\t<\/div>\n\t\t\t\t<\/div>\n\t\t<div class=\"elementor-element elementor-element-3eb6467e e-con-full e-flex e-con e-child\" data-id=\"3eb6467e\" data-element_type=\"container\" data-e-type=\"container\" data-settings=\"{&quot;background_background&quot;:&quot;classic&quot;}\">\n\t\t\t\t<div class=\"elementor-element elementor-element-402d5d75 elementor-widget elementor-widget-image\" data-id=\"402d5d75\" data-element_type=\"widget\" data-e-type=\"widget\" data-widget_type=\"image.default\">\n\t\t\t\t<div class=\"elementor-widget-container\">\n\t\t\t\t\t\t\t\t\t\t\t\t\t\t\t<img decoding=\"async\" width=\"800\" height=\"499\" src=\"https:\/\/www.maschseefest.de\/wp-content\/uploads\/2024\/07\/Open-Table-Quiz_Teaser-1024x639.jpg\" class=\"attachment-large size-large wp-image-2474\" alt=\"Maschseequelle, S\u00fcdufer, Open Table Quiz\" srcset=\"https:\/\/www.maschseefest.de\/wp-content\/uploads\/2024\/07\/Open-Table-Quiz_Teaser-1024x639.jpg 1024w, https:\/\/www.maschseefest.de\/wp-content\/uploads\/2024\/07\/Open-Table-Quiz_Teaser-300x187.jpg 300w, https:\/\/www.maschseefest.de\/wp-content\/uploads\/2024\/07\/Open-Table-Quiz_Teaser-768x479.jpg 768w, https:\/\/www.maschseefest.de\/wp-content\/uploads\/2024\/07\/Open-Table-Quiz_Teaser-1536x958.jpg 1536w, https:\/\/www.maschseefest.de\/wp-content\/uploads\/2024\/07\/Open-Table-Quiz_Teaser.jpg 1920w\" sizes=\"(max-width: 800px) 100vw, 800px\" \/>\t\t\t\t\t\t\t\t\t\t\t\t\t\t\t<\/div>\n\t\t\t\t<\/div>\n\t\t<div class=\"elementor-element elementor-element-5e980ea e-con-full e-flex e-con e-child\" data-id=\"5e980ea\" data-element_type=\"container\" data-e-type=\"container\">\n\t\t\t\t<div class=\"elementor-element elementor-element-6f2ca90 elementor-widget elementor-widget-heading\" data-id=\"6f2ca90\" data-element_type=\"widget\" data-e-type=\"widget\" data-widget_type=\"heading.default\">\n\t\t\t\t<div class=\"elementor-widget-container\">\n\t\t\t\t\t<p class=\"elementor-heading-title elementor-size-default\">Programm am S\u00fcdufer<\/p>\t\t\t\t<\/div>\n\t\t\t\t<\/div>\n\t\t\t\t<div class=\"elementor-element elementor-element-6bc6ea5b elementor-widget elementor-widget-text-editor\" data-id=\"6bc6ea5b\" data-element_type=\"widget\" data-e-type=\"widget\" data-widget_type=\"text-editor.default\">\n\t\t\t\t<div class=\"elementor-widget-container\">\n\t\t\t\t\t\t\t\t\t<p>Erlebt die Vielfalt des Maschseefests mit spannenden Events an der Maschseequelle, irischer Volksmusik am S\u00fcdanleger und mitrei\u00dfenden Partys an der L\u00f6wenbastion. <\/p>\t\t\t\t\t\t\t\t<\/div>\n\t\t\t\t<\/div>\n\t\t\t\t<div class=\"elementor-element elementor-element-3dc8be3 elementor-widget elementor-widget-jet-listing-dynamic-link\" data-id=\"3dc8be3\" data-element_type=\"widget\" data-e-type=\"widget\" data-widget_type=\"jet-listing-dynamic-link.default\">\n\t\t\t\t<div class=\"elementor-widget-container\">\n\t\t\t\t\t<a href=\"\/veranstaltungen\/filter\/type\/cpt_v_ufer:suedufer\" class=\"jet-listing-dynamic-link__link\"><div class=\"jet-listing-dynamic-link__icon is-svg-icon\"><svg class=\"e-font-icon-svg e-fas-chevron-right\" aria-hidden=\"true\" viewBox=\"0 0 320 512\" xmlns=\"http:\/\/www.w3.org\/2000\/svg\"><path d=\"M285.476 272.971L91.132 467.314c-9.373 9.373-24.569 9.373-33.941 0l-22.667-22.667c-9.357-9.357-9.375-24.522-.04-33.901L188.505 256 34.484 101.255c-9.335-9.379-9.317-24.544.04-33.901l22.667-22.667c9.373-9.373 24.569-9.373 33.941 0L285.475 239.03c9.373 9.372 9.373 24.568.001 33.941z\"><\/path><\/svg><\/div><span class=\"jet-listing-dynamic-link__label\">S\u00fcdufer entdecken<\/span><\/a>\t\t\t\t<\/div>\n\t\t\t\t<\/div>\n\t\t\t\t<\/div>\n\t\t\t\t<\/div>\n\t\t\t\t\t<\/div>\n\t\t\t\t<\/div>\n\t\t<div class=\"elementor-element elementor-element-1fa2d7ea elementor-hidden-desktop elementor-hidden-tablet elementor-hidden-mobile e-flex e-con-boxed e-con e-parent\" data-id=\"1fa2d7ea\" data-element_type=\"container\" data-e-type=\"container\">\n\t\t\t\t\t<div class=\"e-con-inner\">\n\t\t<div class=\"elementor-element elementor-element-74808088 e-con-full e-flex e-con e-child\" data-id=\"74808088\" data-element_type=\"container\" data-e-type=\"container\">\n\t\t\t\t<div class=\"elementor-element elementor-element-4deb2eff elementor-hidden-desktop elementor-hidden-tablet elementor-hidden-mobile elementor-widget elementor-widget-heading\" data-id=\"4deb2eff\" data-element_type=\"widget\" data-e-type=\"widget\" data-widget_type=\"heading.default\">\n\t\t\t\t<div class=\"elementor-widget-container\">\n\t\t\t\t\t<h3 class=\"elementor-heading-title elementor-size-default\">Highlights am S\u00fcdufer<\/h3>\t\t\t\t<\/div>\n\t\t\t\t<\/div>\n\t\t\t\t<\/div>\n\t\t<div class=\"elementor-element elementor-element-ee8474c e-con-full e-flex e-con e-child\" data-id=\"ee8474c\" data-element_type=\"container\" data-e-type=\"container\">\n\t\t<div class=\"elementor-element elementor-element-a15ecf6 e-con-full elementor-hidden-desktop elementor-hidden-tablet elementor-hidden-mobile e-flex e-con e-child\" data-id=\"a15ecf6\" data-element_type=\"container\" data-e-type=\"container\" data-settings=\"{&quot;background_background&quot;:&quot;classic&quot;}\" data-isc-images=\"3726\">\n\t\t\t\t<\/div>\n\t\t<div class=\"elementor-element elementor-element-4bc50c3 e-con-full e-flex e-con e-child\" data-id=\"4bc50c3\" data-element_type=\"container\" data-e-type=\"container\">\n\t\t\t\t<div class=\"elementor-element elementor-element-635d020 elementor-hidden-desktop elementor-hidden-tablet elementor-hidden-mobile elementor-widget elementor-widget-heading\" data-id=\"635d020\" data-element_type=\"widget\" data-e-type=\"widget\" data-widget_type=\"heading.default\">\n\t\t\t\t<div class=\"elementor-widget-container\">\n\t\t\t\t\t<h3 class=\"elementor-heading-title elementor-size-default\">Kinderprogramm im S\u00fcden<\/h3>\t\t\t\t<\/div>\n\t\t\t\t<\/div>\n\t\t\t\t<div class=\"elementor-element elementor-element-378d027 elementor-hidden-desktop elementor-hidden-tablet elementor-hidden-mobile elementor-widget elementor-widget-text-editor\" data-id=\"378d027\" data-element_type=\"widget\" data-e-type=\"widget\" data-widget_type=\"text-editor.default\">\n\t\t\t\t<div class=\"elementor-widget-container\">\n\t\t\t\t\t\t\t\t\t<div class=\"elementor-element elementor-element-586303a elementor-widget elementor-widget-text-editor\" data-id=\"586303a\" data-element_type=\"widget\" data-widget_type=\"text-editor.default\"><div class=\"elementor-widget-container\"><div class=\"content-detail__summary ezrichtext-field\"><div class=\"elementor-element elementor-element-d3080bd elementor-widget elementor-widget-text-editor\" data-id=\"d3080bd\" data-element_type=\"widget\" data-widget_type=\"text-editor.default\"><div class=\"elementor-widget-container\">Informationen zum Kinderporgramm folgen in K\u00fcrze.<\/div><\/div><\/div><\/div><\/div>\t\t\t\t\t\t\t\t<\/div>\n\t\t\t\t<\/div>\n\t\t\t\t<div class=\"elementor-element elementor-element-e118658 elementor-hidden-desktop elementor-hidden-tablet elementor-hidden-mobile elementor-widget elementor-widget-jet-listing-dynamic-link\" data-id=\"e118658\" data-element_type=\"widget\" data-e-type=\"widget\" data-widget_type=\"jet-listing-dynamic-link.default\">\n\t\t\t\t<div class=\"elementor-widget-container\">\n\t\t\t\t\t<a href=\"\/kinderprogramm\/joymondo\/\" class=\"jet-listing-dynamic-link__link\"><div class=\"jet-listing-dynamic-link__icon is-svg-icon\"><svg class=\"e-font-icon-svg e-fas-chevron-right\" aria-hidden=\"true\" viewBox=\"0 0 320 512\" xmlns=\"http:\/\/www.w3.org\/2000\/svg\"><path d=\"M285.476 272.971L91.132 467.314c-9.373 9.373-24.569 9.373-33.941 0l-22.667-22.667c-9.357-9.357-9.375-24.522-.04-33.901L188.505 256 34.484 101.255c-9.335-9.379-9.317-24.544.04-33.901l22.667-22.667c9.373-9.373 24.569-9.373 33.941 0L285.475 239.03c9.373 9.372 9.373 24.568.001 33.941z\"><\/path><\/svg><\/div><span class=\"jet-listing-dynamic-link__label\">Mehr Infos<\/span><\/a>\t\t\t\t<\/div>\n\t\t\t\t<\/div>\n\t\t\t\t<\/div>\n\t\t\t\t<\/div>\n\t\t\t\t\t<\/div>\n\t\t\t\t<\/div>\n\t\t<div class=\"elementor-element elementor-element-11793e33 elementor-hidden-mobile e-flex e-con-boxed e-con e-parent\" data-id=\"11793e33\" data-element_type=\"container\" data-e-type=\"container\" data-settings=\"{&quot;background_background&quot;:&quot;classic&quot;}\">\n\t\t\t\t\t<div class=\"e-con-inner\">\n\t\t\t\t<div class=\"elementor-element elementor-element-3f0104b2 elementor-widget elementor-widget-heading\" data-id=\"3f0104b2\" data-element_type=\"widget\" data-e-type=\"widget\" data-widget_type=\"heading.default\">\n\t\t\t\t<div class=\"elementor-widget-container\">\n\t\t\t\t\t<h3 class=\"elementor-heading-title elementor-size-default\">Hier findest du das S\u00fcdufer<br><\/h3>\t\t\t\t<\/div>\n\t\t\t\t<\/div>\n\t\t\t\t<div class=\"elementor-element elementor-element-9017ff7 elementor-widget elementor-widget-hotspot\" data-id=\"9017ff7\" data-element_type=\"widget\" data-e-type=\"widget\" data-settings=\"{&quot;hotspot&quot;:[{&quot;hotspot_icon&quot;:{&quot;value&quot;:{&quot;url&quot;:&quot;https:\\\/\\\/www.maschseefest.de\\\/wp-content\\\/uploads\\\/2024\\\/06\\\/maschseefest-suedufer-icon.svg&quot;,&quot;id&quot;:133},&quot;library&quot;:&quot;svg&quot;},&quot;hotspot_tooltip_content&quot;:&quot;&lt;p&gt;Hier ist das S\\u00fcdufer&lt;\\\/p&gt;&quot;,&quot;hotspot_offset_x&quot;:{&quot;unit&quot;:&quot;%&quot;,&quot;size&quot;:73,&quot;sizes&quot;:[]},&quot;hotspot_offset_y&quot;:{&quot;unit&quot;:&quot;%&quot;,&quot;size&quot;:79,&quot;sizes&quot;:[]},&quot;_id&quot;:&quot;41a5221&quot;,&quot;hotspot_label&quot;:&quot;&quot;,&quot;hotspot_link&quot;:{&quot;url&quot;:&quot;&quot;,&quot;is_external&quot;:&quot;&quot;,&quot;nofollow&quot;:&quot;&quot;,&quot;custom_attributes&quot;:&quot;&quot;},&quot;hotspot_custom_size&quot;:&quot;no&quot;,&quot;hotspot_horizontal&quot;:&quot;left&quot;,&quot;hotspot_vertical&quot;:&quot;top&quot;,&quot;hotspot_tooltip_position&quot;:&quot;no&quot;,&quot;hotspot_position&quot;:null,&quot;hotspot_position_tablet&quot;:null,&quot;hotspot_position_mobile&quot;:null,&quot;hotspot_icon_position&quot;:null,&quot;hotspot_icon_spacing&quot;:null,&quot;hotspot_width&quot;:null,&quot;hotspot_height&quot;:null,&quot;hotspot_offset_x_tablet&quot;:{&quot;unit&quot;:&quot;px&quot;,&quot;size&quot;:&quot;&quot;,&quot;sizes&quot;:[]},&quot;hotspot_offset_x_mobile&quot;:{&quot;unit&quot;:&quot;px&quot;,&quot;size&quot;:&quot;&quot;,&quot;sizes&quot;:[]},&quot;hotspot_offset_y_tablet&quot;:{&quot;unit&quot;:&quot;px&quot;,&quot;size&quot;:&quot;&quot;,&quot;sizes&quot;:[]},&quot;hotspot_offset_y_mobile&quot;:{&quot;unit&quot;:&quot;px&quot;,&quot;size&quot;:&quot;&quot;,&quot;sizes&quot;:[]},&quot;hotspot_tooltip_width&quot;:null,&quot;hotspot_tooltip_width_tablet&quot;:null,&quot;hotspot_tooltip_width_mobile&quot;:null,&quot;hotspot_tooltip_text_wrap&quot;:null}],&quot;tooltip_position&quot;:&quot;left&quot;,&quot;tooltip_animation&quot;:&quot;e-hotspot--fade-direction&quot;,&quot;tooltip_trigger&quot;:&quot;click&quot;}\" data-widget_type=\"hotspot.default\">\n\t\t\t\t<div class=\"elementor-widget-container\">\n\t\t\t\t\t<img decoding=\"async\" width=\"800\" height=\"854\" src=\"https:\/\/www.maschseefest.de\/wp-content\/uploads\/2024\/07\/maschseefest-karte-1-959x1024.jpg\" class=\"attachment-large size-large wp-image-3305\" alt=\"\" srcset=\"https:\/\/www.maschseefest.de\/wp-content\/uploads\/2024\/07\/maschseefest-karte-1-959x1024.jpg 959w, https:\/\/www.maschseefest.de\/wp-content\/uploads\/2024\/07\/maschseefest-karte-1-281x300.jpg 281w, https:\/\/www.maschseefest.de\/wp-content\/uploads\/2024\/07\/maschseefest-karte-1-768x820.jpg 768w, https:\/\/www.maschseefest.de\/wp-content\/uploads\/2024\/07\/maschseefest-karte-1-1439x1536.jpg 1439w, https:\/\/www.maschseefest.de\/wp-content\/uploads\/2024\/07\/maschseefest-karte-1.jpg 1745w\" sizes=\"(max-width: 800px) 100vw, 800px\" \/>\n\t\t\t\t\t\t<div class=\"e-hotspot elementor-repeater-item-41a5221  e-hotspot--position-left e-hotspot--position-top   e-hotspot--icon\">\n\n\t\t\t\t\t\t\t\t<div class=\"e-hotspot__button e-hotspot--expand\">\n\t\t\t\t\t\t\t\t\t\t\t\t\t\t\t\t\t\t<div class=\"e-hotspot__icon\"><svg xmlns=\"http:\/\/www.w3.org\/2000\/svg\" width=\"55\" height=\"55\" viewBox=\"0 0 55 55\" fill=\"none\"><circle cx=\"27.7334\" cy=\"27.1402\" r=\"26.982\" fill=\"#F7EC59\"><\/circle><path d=\"M32.4756 30.7258C32.4756 32.1191 31.9696 33.2338 30.9576 34.0698C29.9603 34.8911 28.5376 35.3018 26.6896 35.3018C25.0323 35.3018 23.5509 34.9865 22.2456 34.3558V31.2538C22.9936 31.5765 23.7636 31.8771 24.5556 32.1558C25.3623 32.4198 26.1616 32.5518 26.9536 32.5518C27.7749 32.5518 28.3543 32.3978 28.6916 32.0898C29.0436 31.7671 29.2196 31.3638 29.2196 30.8798C29.2196 30.4838 29.0803 30.1465 28.8016 29.8678C28.5376 29.5891 28.1783 29.3325 27.7236 29.0978C27.2689 28.8485 26.7483 28.5845 26.1616 28.3058C25.7949 28.1298 25.3989 27.9245 24.9736 27.6898C24.5483 27.4405 24.1376 27.1398 23.7416 26.7878C23.3603 26.4211 23.0449 25.9811 22.7956 25.4678C22.5463 24.9545 22.4216 24.3385 22.4216 23.6198C22.4216 22.2118 22.8983 21.1191 23.8516 20.3418C24.8049 19.5498 26.1029 19.1538 27.7456 19.1538C28.5669 19.1538 29.3443 19.2491 30.0776 19.4398C30.8109 19.6305 31.5883 19.9018 32.4096 20.2538L31.3316 22.8498C30.6129 22.5565 29.9676 22.3291 29.3956 22.1678C28.8236 22.0065 28.2369 21.9258 27.6356 21.9258C27.0049 21.9258 26.5209 22.0725 26.1836 22.3658C25.8463 22.6591 25.6776 23.0405 25.6776 23.5098C25.6776 24.0671 25.9269 24.5071 26.4256 24.8298C26.9243 25.1525 27.6649 25.5485 28.6476 26.0178C29.4543 26.3991 30.1363 26.7951 30.6936 27.2058C31.2656 27.6165 31.7056 28.1005 32.0136 28.6578C32.3216 29.2151 32.4756 29.9045 32.4756 30.7258Z\" fill=\"#2C2416\"><\/path><\/svg><\/div>\n\t\t\t\t\t\t\t\t\t\t\t\t\t\t\t\t\t\t\t\t\t<\/div>\n\n\t\t\t\t\t\t\t\t\t\t\t\t\t\t\t\t\t\t\t<div class=\"e-hotspot__direction-mask e-hotspot--tooltip-position\">\n\t\t\t\t\t\t\t\t\t\t<div class=\"e-hotspot__tooltip   e-hotspot--fade-direction \" >\n\t\t\t\t\t\t<p>Hier ist das S\u00fcdufer<\/p>\t\t\t\t\t<\/div>\n\t\t\t\t\t\t\t\t\t\t\t<\/div>\n\t\t\t\t\t\t\t\t\t\n\t\t\t<\/div>\n\n\t\n\t\t\t\t\t\t<\/div>\n\t\t\t\t<\/div>\n\t\t\t\t\t<\/div>\n\t\t\t\t<\/div>\n\t\t\t\t<\/div>\n\t\t","protected":false},"excerpt":{"rendered":"<p>Streetfood und vielf\u00e4ltiges B\u00fchnenprogramm im S\u00fcden des Maschsees. Das S\u00fcdufer lockt mit einem wundervollen Ausblick \u00fcber den Maschsee und bei den verschiedenen Foodtrucks bekommt ihr bestes Streetfood. Hier erwartet euch auch die Maschseequelle mit einem abwechslungsreichen Show-Programm. Gastro am Neben entspannten Beachvibes am S\u00fcdufer des Maschsees k\u00f6nnt ihr euch hier auch durch verschiedene Streetfood-Gerichte oder [&hellip;]<\/p>\n","protected":false},"author":1,"featured_media":434,"parent":569,"menu_order":0,"comment_status":"closed","ping_status":"closed","template":"","meta":{"footnotes":""},"class_list":["post-582","page","type-page","status-publish","has-post-thumbnail","hentry"],"_links":{"self":[{"href":"https:\/\/www.maschseefest.de\/nl\/wp-json\/wp\/v2\/pages\/582","targetHints":{"allow":["GET"]}}],"collection":[{"href":"https:\/\/www.maschseefest.de\/nl\/wp-json\/wp\/v2\/pages"}],"about":[{"href":"https:\/\/www.maschseefest.de\/nl\/wp-json\/wp\/v2\/types\/page"}],"author":[{"embeddable":true,"href":"https:\/\/www.maschseefest.de\/nl\/wp-json\/wp\/v2\/users\/1"}],"replies":[{"embeddable":true,"href":"https:\/\/www.maschseefest.de\/nl\/wp-json\/wp\/v2\/comments?post=582"}],"version-history":[{"count":98,"href":"https:\/\/www.maschseefest.de\/nl\/wp-json\/wp\/v2\/pages\/582\/revisions"}],"predecessor-version":[{"id":7312,"href":"https:\/\/www.maschseefest.de\/nl\/wp-json\/wp\/v2\/pages\/582\/revisions\/7312"}],"up":[{"embeddable":true,"href":"https:\/\/www.maschseefest.de\/nl\/wp-json\/wp\/v2\/pages\/569"}],"wp:featuredmedia":[{"embeddable":true,"href":"https:\/\/www.maschseefest.de\/nl\/wp-json\/wp\/v2\/media\/434"}],"wp:attachment":[{"href":"https:\/\/www.maschseefest.de\/nl\/wp-json\/wp\/v2\/media?parent=582"}],"curies":[{"name":"wp","href":"https:\/\/api.w.org\/{rel}","templated":true}]}}