{"id":3448,"date":"2024-07-11T16:30:31","date_gmt":"2024-07-11T14:30:31","guid":{"rendered":"http:\/\/web5.s149.goserver.host\/an-und-abreise\/taxi-moia-copy\/"},"modified":"2025-07-31T12:44:10","modified_gmt":"2025-07-31T10:44:10","slug":"taxi","status":"publish","type":"page","link":"https:\/\/www.maschseefest.de\/tr\/an-und-abreise\/taxi\/","title":{"rendered":"Taksi ile seyahat"},"content":{"rendered":"<div data-elementor-type=\"wp-page\" data-elementor-id=\"3448\" class=\"elementor elementor-3448\" data-elementor-post-type=\"page\">\n\t\t\t\t<div class=\"elementor-element elementor-element-2bae53e e-flex e-con-boxed e-con e-parent\" data-id=\"2bae53e\" data-element_type=\"container\" data-e-type=\"container\">\n\t\t\t\t\t<div class=\"e-con-inner\">\n\t\t\t\t<div class=\"elementor-element elementor-element-19e148a elementor-widget elementor-widget-heading\" data-id=\"19e148a\" data-element_type=\"widget\" data-e-type=\"widget\" data-widget_type=\"heading.default\">\n\t\t\t\t<div class=\"elementor-widget-container\">\n\t\t\t\t\t<h3 class=\"elementor-heading-title elementor-size-default\">Arabay\u0131 park halinde b\u0131rak\u0131n<\/h3>\t\t\t\t<\/div>\n\t\t\t\t<\/div>\n\t\t\t\t<div class=\"elementor-element elementor-element-d7b22c6 elementor-widget elementor-widget-text-editor\" data-id=\"d7b22c6\" data-element_type=\"widget\" data-e-type=\"widget\" data-widget_type=\"text-editor.default\">\n\t\t\t\t<div class=\"elementor-widget-container\">\n\t\t\t\t\t\t\t\t\t<p>M\u00fcmk\u00fcnse toplu ta\u015f\u0131ma ara\u00e7lar\u0131yla seyahat edin! Festivale taksiyle rahat\u00e7a gidip gelin ve park yeri arama zahmetine katlanmadan Maschseefest'in tad\u0131n\u0131 \u00e7\u0131kar\u0131n.<\/p>\t\t\t\t\t\t\t\t<\/div>\n\t\t\t\t<\/div>\n\t\t\t\t<div class=\"elementor-element elementor-element-e1b4dac elementor-widget elementor-widget-image\" data-id=\"e1b4dac\" data-element_type=\"widget\" data-e-type=\"widget\" data-widget_type=\"image.default\">\n\t\t\t\t<div class=\"elementor-widget-container\">\n\t\t\t\t\t\t\t\t\t\t\t\t\t\t\t<img fetchpriority=\"high\" decoding=\"async\" width=\"800\" height=\"600\" src=\"https:\/\/www.maschseefest.de\/wp-content\/uploads\/2024\/07\/Taxi-4x3-1-1024x768.jpg\" class=\"attachment-large size-large wp-image-3366\" alt=\"Taxi\" srcset=\"https:\/\/www.maschseefest.de\/wp-content\/uploads\/2024\/07\/Taxi-4x3-1-1024x768.jpg 1024w, https:\/\/www.maschseefest.de\/wp-content\/uploads\/2024\/07\/Taxi-4x3-1-300x225.jpg 300w, https:\/\/www.maschseefest.de\/wp-content\/uploads\/2024\/07\/Taxi-4x3-1-768x576.jpg 768w, https:\/\/www.maschseefest.de\/wp-content\/uploads\/2024\/07\/Taxi-4x3-1-1536x1152.jpg 1536w, https:\/\/www.maschseefest.de\/wp-content\/uploads\/2024\/07\/Taxi-4x3-1.jpg 2048w\" sizes=\"(max-width: 800px) 100vw, 800px\" \/>\t\t\t\t\t\t\t\t\t\t\t\t\t\t\t<\/div>\n\t\t\t\t<\/div>\n\t\t\t\t<div class=\"elementor-element elementor-element-48385de elementor-widget elementor-widget-heading\" data-id=\"48385de\" data-element_type=\"widget\" data-e-type=\"widget\" data-widget_type=\"heading.default\">\n\t\t\t\t<div class=\"elementor-widget-container\">\n\t\t\t\t\t<h3 class=\"elementor-heading-title elementor-size-default\">Hannover'deki taksi \u015firketlerinin telefon numaralar\u0131<\/h3>\t\t\t\t<\/div>\n\t\t\t\t<\/div>\n\t\t\t\t<div class=\"elementor-element elementor-element-86fd9b2 elementor-widget elementor-widget-heading\" data-id=\"86fd9b2\" data-element_type=\"widget\" data-e-type=\"widget\" data-widget_type=\"heading.default\">\n\t\t\t\t<div class=\"elementor-widget-container\">\n\t\t\t\t\t<h3 class=\"elementor-heading-title elementor-size-default\">Taksi merkezleri<\/h3>\t\t\t\t<\/div>\n\t\t\t\t<\/div>\n\t\t\t\t<div class=\"elementor-element elementor-element-1051021 elementor-widget elementor-widget-text-editor\" data-id=\"1051021\" data-element_type=\"widget\" data-e-type=\"widget\" data-widget_type=\"text-editor.default\">\n\t\t\t\t<div class=\"elementor-widget-container\">\n\t\t\t\t\t\t\t\t\t<p>\u0130\u015fte Hannover'de taksi \u00e7a\u011f\u0131rmak i\u00e7in numaralar. Hannover'in taksi \u015firketleri iyi hizmetleriyle tan\u0131n\u0131r.<\/p><p><strong>Taksi numaralar\u0131:<\/strong><\/p><p>Arnemann GmbH | +49 511 4584545<br \/>Greetings Taxen GmbH | +49 511 664964<br \/>Alo Taksi 3811 | +49 511 3811<br \/>S\u00fcdkreis - Taxengesellschaft | +49 511 9886262<\/p><p><em>(21 Haziran 2019 tarihinde g\u00fcncellenmi\u015ftir)<\/em><\/p>\t\t\t\t\t\t\t\t<\/div>\n\t\t\t\t<\/div>\n\t\t\t\t\t<\/div>\n\t\t\t\t<\/div>\n\t\t<div class=\"elementor-element elementor-element-3836ea7 e-con-full e-flex e-con e-parent\" data-id=\"3836ea7\" data-element_type=\"container\" data-e-type=\"container\">\n\t\t<div class=\"elementor-element elementor-element-7f08b9a e-con-full e-flex e-con e-child\" data-id=\"7f08b9a\" data-element_type=\"container\" data-e-type=\"container\" data-settings=\"{&quot;background_background&quot;:&quot;classic&quot;}\">\n\t\t\t\t<div class=\"elementor-element elementor-element-0a1a2af elementor-widget elementor-widget-heading\" data-id=\"0a1a2af\" data-element_type=\"widget\" data-e-type=\"widget\" data-widget_type=\"heading.default\">\n\t\t\t\t<div class=\"elementor-widget-container\">\n\t\t\t\t\t<h2 class=\"elementor-heading-title elementor-size-default\">Kad\u0131nlar gece taksisi<\/h2>\t\t\t\t<\/div>\n\t\t\t\t<\/div>\n\t\t\t\t<div class=\"elementor-element elementor-element-9a3ee33 elementor-widget elementor-widget-text-editor\" data-id=\"9a3ee33\" data-element_type=\"widget\" data-e-type=\"widget\" data-widget_type=\"text-editor.default\">\n\t\t\t\t<div class=\"elementor-widget-container\">\n\t\t\t\t\t\t\t\t\t<p>T\u00fcm toplu ta\u015f\u0131ma yolcular\u0131n\u0131n \u00fc\u00e7te ikisi kad\u0131nd\u0131r. Kad\u0131nlar\u0131n gece taksisi, onlar\u0131n g\u00fcvenli\u011fi ve \u00f6znel g\u00fcvenlik hissi i\u00e7in vard\u0131r.<\/p>\t\t\t\t\t\t\t\t<\/div>\n\t\t\t\t<\/div>\n\t\t\t\t<div class=\"elementor-element elementor-element-07e7b56 elementor-widget elementor-widget-jet-listing-dynamic-link\" data-id=\"07e7b56\" data-element_type=\"widget\" data-e-type=\"widget\" data-widget_type=\"jet-listing-dynamic-link.default\">\n\t\t\t\t<div class=\"elementor-widget-container\">\n\t\t\t\t\t<a href=\"\/tr\/an-und-abreise\/frauennachttaxi\/\" class=\"jet-listing-dynamic-link__link\"><div class=\"jet-listing-dynamic-link__icon is-svg-icon\"><svg class=\"e-font-icon-svg e-fas-chevron-right\" aria-hidden=\"true\" viewbox=\"0 0 320 512\" xmlns=\"http:\/\/www.w3.org\/2000\/svg\"><path d=\"M285.476 272.971L91.132 467.314c-9.373 9.373-24.569 9.373-33.941 0l-22.667-22.667c-9.357-9.357-9.375-24.522-.04-33.901L188.505 256 34.484 101.255c-9.335-9.379-9.317-24.544.04-33.901l22.667-22.667c9.373-9.373 24.569-9.373 33.941 0L285.475 239.03c9.373 9.372 9.373 24.568.001 33.941z\"><\/path><\/svg><\/div><span class=\"jet-listing-dynamic-link__label\">Daha fazla bilgi<\/span><\/a>\t\t\t\t<\/div>\n\t\t\t\t<\/div>\n\t\t\t\t<\/div>\n\t\t<div class=\"elementor-element elementor-element-0b7f958 e-con-full e-flex e-con e-child\" data-id=\"0b7f958\" data-element_type=\"container\" data-e-type=\"container\" data-settings=\"{&quot;background_background&quot;:&quot;classic&quot;}\" data-isc-images=\"3367\">\n\t\t\t\t<\/div>\n\t\t\t\t<\/div>\n\t\t\t\t<\/div>","protected":false},"excerpt":{"rendered":"<p>Auto stehen lassen Reist m\u00f6glichst mit \u00f6ffentlichen Verkehrsmitteln an! Reist gem\u00fctlich mit dem Taxi an- oder ab und genie\u00dft das Maschseefest ohne l\u00e4stige Parkplatzsuche. Telefonnummern von Taxiunternehmen in Hannover Taxizentralen Hier gibt&#8217;s Nummern, um ein Taxi in Hannover zu bestellen. Hannovers Taxi-Unternehmen sind bekannt f\u00fcr ihren guten Service. Taxi-Rufnummern: Arnemann GmbH | +49 511 4584545Gru\u00df [&hellip;]<\/p>\n","protected":false},"author":4,"featured_media":3366,"parent":1126,"menu_order":0,"comment_status":"closed","ping_status":"closed","template":"","meta":{"footnotes":""},"class_list":["post-3448","page","type-page","status-publish","has-post-thumbnail","hentry"],"_links":{"self":[{"href":"https:\/\/www.maschseefest.de\/tr\/wp-json\/wp\/v2\/pages\/3448","targetHints":{"allow":["GET"]}}],"collection":[{"href":"https:\/\/www.maschseefest.de\/tr\/wp-json\/wp\/v2\/pages"}],"about":[{"href":"https:\/\/www.maschseefest.de\/tr\/wp-json\/wp\/v2\/types\/page"}],"author":[{"embeddable":true,"href":"https:\/\/www.maschseefest.de\/tr\/wp-json\/wp\/v2\/users\/4"}],"replies":[{"embeddable":true,"href":"https:\/\/www.maschseefest.de\/tr\/wp-json\/wp\/v2\/comments?post=3448"}],"version-history":[{"count":16,"href":"https:\/\/www.maschseefest.de\/tr\/wp-json\/wp\/v2\/pages\/3448\/revisions"}],"predecessor-version":[{"id":7327,"href":"https:\/\/www.maschseefest.de\/tr\/wp-json\/wp\/v2\/pages\/3448\/revisions\/7327"}],"up":[{"embeddable":true,"href":"https:\/\/www.maschseefest.de\/tr\/wp-json\/wp\/v2\/pages\/1126"}],"wp:featuredmedia":[{"embeddable":true,"href":"https:\/\/www.maschseefest.de\/tr\/wp-json\/wp\/v2\/media\/3366"}],"wp:attachment":[{"href":"https:\/\/www.maschseefest.de\/tr\/wp-json\/wp\/v2\/media?parent=3448"}],"curies":[{"name":"wp","href":"https:\/\/api.w.org\/{rel}","templated":true}]}}